{"id":18,"date":"2020-11-04T21:18:50","date_gmt":"2020-11-04T20:18:50","guid":{"rendered":"http:\/\/bcpromm.cluster030.hosting.ovh.net\/?page_id=18"},"modified":"2021-03-12T11:52:18","modified_gmt":"2021-03-12T10:52:18","slug":"une-equipe","status":"publish","type":"page","link":"https:\/\/www.bcprom.com\/index.php\/une-equipe\/","title":{"rendered":"UNE EQUIPE"},"content":{"rendered":"\t\t<div data-elementor-type=\"wp-page\" data-elementor-id=\"18\" class=\"elementor elementor-18\">\n\t\t\t\t\t\t<section class=\"elementor-section elementor-top-section elementor-element elementor-element-1bf5bcf elementor-section-boxed elementor-section-height-default elementor-section-height-default\" data-id=\"1bf5bcf\" data-element_type=\"section\">\n\t\t\t\t\t\t<div class=\"elementor-container elementor-column-gap-default\">\n\t\t\t\t\t<div class=\"elementor-column elementor-col-100 elementor-top-column elementor-element elementor-element-ff83fbc\" data-id=\"ff83fbc\" data-element_type=\"column\">\n\t\t\t<div class=\"elementor-widget-wrap elementor-element-populated\">\n\t\t\t\t\t\t<div class=\"elementor-element elementor-element-3919f3b elementor-invisible elementor-widget elementor-widget-text-editor\" data-id=\"3919f3b\" data-element_type=\"widget\" data-settings=\"{&quot;_animation&quot;:&quot;fadeInDown&quot;}\" data-widget_type=\"text-editor.default\">\n\t\t\t\t<div class=\"elementor-widget-container\">\n\t\t\t\t\t\t\t\t\t<p>BERNARDO GROUPE a \u00e9t\u00e9 cr\u00e9\u00e9 le 1er octobre 2009 \u00e0 Villiers sur Marne. Il a pour vocation de r\u00e9aliser bien plus que de simples b\u00e2timents, il r\u00e9alise un avenir pour un patrimoine architectural toujours florissant et un cadre de vie g\u00e9n\u00e9reux en harmonie avec<br \/>son environnement.<br \/>De par sa volont\u00e9 de rester une entreprise familiale, BERNARDO GROUPE tient tr\u00e8s \u00e0 c\u0153ur la valorisation des relations humaines aussi bien avec ses clients qu\u2019avec les entreprises choisies pour mener \u00e0 bien ces r\u00e9alisations. Cette pr\u00e9sentation des diff\u00e9rents programmes est repr\u00e9sentative et non exhaustive des valeurs de notre groupe et de notre ambition en tant que b\u00e2tisseurs<br \/>Sur ses op\u00e9rations, BERNARDO GROUPE con\u00e7oit et construit les programmes \u00e0 partir d\u2019\u00e9l\u00e9ments architecturaux. Il se charge de diriger l\u2019ex\u00e9cution des march\u00e9s ainsi que leur livraison aux acqu\u00e9reurs et leur r\u00e9ception avec les entreprises. De par son savoir-faire acquis gr\u00e2ce \u00e0 son exp\u00e9rience et \u00e0 celle de ses collaborateurs, il r\u00e9alise ses op\u00e9rations \u00e0 partir des besoins et des objectifs, en choisissant judicieusement les m\u00e9thodes, techniques et personnes qui donneront corps aux projets. Il produit ainsi les documents techniques, contr\u00f4le et valide les plans qui en seront la base fondatrice et assiste la maitrise d\u2019\u0153uvre sur de nombreuses t\u00e2ches.<br \/>Edouard BERNARDO<\/p>\t\t\t\t\t\t\t\t<\/div>\n\t\t\t\t<\/div>\n\t\t\t\t<div class=\"elementor-element elementor-element-7ae112f elementor-invisible elementor-widget elementor-widget-image\" data-id=\"7ae112f\" data-element_type=\"widget\" data-settings=\"{&quot;_animation&quot;:&quot;fadeInRight&quot;}\" data-widget_type=\"image.default\">\n\t\t\t\t<div class=\"elementor-widget-container\">\n\t\t\t\t\t\t\t\t\t\t\t\t\t\t\t<img fetchpriority=\"high\" decoding=\"async\" width=\"900\" height=\"341\" src=\"https:\/\/www.bcprom.com\/wp-content\/uploads\/2020\/11\/organigramme.gif\" class=\"attachment-large size-large wp-image-46\" alt=\"\" \/>\t\t\t\t\t\t\t\t\t\t\t\t\t\t\t<\/div>\n\t\t\t\t<\/div>\n\t\t\t\t\t<\/div>\n\t\t<\/div>\n\t\t\t\t\t<\/div>\n\t\t<\/section>\n\t\t\t\t<\/div>\n\t\t","protected":false},"excerpt":{"rendered":"<p>BERNARDO GROUPE a \u00e9t\u00e9 cr\u00e9\u00e9 le 1er octobre 2009 \u00e0 Villiers sur Marne. Il a pour vocation de r\u00e9aliser bien plus que de simples b\u00e2timents, il r\u00e9alise un avenir pour un patrimoine architectural toujours florissant et un cadre de vie g\u00e9n\u00e9reux en harmonie avecson environnement.De par sa volont\u00e9 de rester&#8230;<\/p>\n<p> <a class=\"continue-reading-link\" href=\"https:\/\/www.bcprom.com\/index.php\/une-equipe\/\"><span>Continue reading<\/span><i class=\"crycon-right-dir\"><\/i><\/a> <\/p>\n","protected":false},"author":1,"featured_media":0,"parent":0,"menu_order":0,"comment_status":"closed","ping_status":"closed","template":"","meta":{"footnotes":""},"class_list":["post-18","page","type-page","status-publish","hentry"],"_links":{"self":[{"href":"https:\/\/www.bcprom.com\/index.php\/wp-json\/wp\/v2\/pages\/18","targetHints":{"allow":["GET"]}}],"collection":[{"href":"https:\/\/www.bcprom.com\/index.php\/wp-json\/wp\/v2\/pages"}],"about":[{"href":"https:\/\/www.bcprom.com\/index.php\/wp-json\/wp\/v2\/types\/page"}],"author":[{"embeddable":true,"href":"https:\/\/www.bcprom.com\/index.php\/wp-json\/wp\/v2\/users\/1"}],"replies":[{"embeddable":true,"href":"https:\/\/www.bcprom.com\/index.php\/wp-json\/wp\/v2\/comments?post=18"}],"version-history":[{"count":13,"href":"https:\/\/www.bcprom.com\/index.php\/wp-json\/wp\/v2\/pages\/18\/revisions"}],"predecessor-version":[{"id":255,"href":"https:\/\/www.bcprom.com\/index.php\/wp-json\/wp\/v2\/pages\/18\/revisions\/255"}],"wp:attachment":[{"href":"https:\/\/www.bcprom.com\/index.php\/wp-json\/wp\/v2\/media?parent=18"}],"curies":[{"name":"wp","href":"https:\/\/api.w.org\/{rel}","templated":true}]}}