{"id":3,"date":"2020-11-04T17:50:24","date_gmt":"2020-11-04T16:50:24","guid":{"rendered":"http:\/\/bcpromm.cluster030.hosting.ovh.net\/?page_id=3"},"modified":"2020-11-05T18:05:31","modified_gmt":"2020-11-05T17:05:31","slug":"politique-de-confidentialite","status":"publish","type":"page","link":"https:\/\/www.bcprom.com\/index.php\/politique-de-confidentialite\/","title":{"rendered":"Politique de confidentialit\u00e9"},"content":{"rendered":"\t\t<div data-elementor-type=\"wp-page\" data-elementor-id=\"3\" class=\"elementor elementor-3\">\n\t\t\t\t\t\t<section class=\"elementor-section elementor-top-section elementor-element elementor-element-142587fe elementor-section-boxed elementor-section-height-default elementor-section-height-default\" data-id=\"142587fe\" data-element_type=\"section\">\n\t\t\t\t\t\t<div class=\"elementor-container elementor-column-gap-default\">\n\t\t\t\t\t<div class=\"elementor-column elementor-col-100 elementor-top-column elementor-element elementor-element-fc94c16\" data-id=\"fc94c16\" data-element_type=\"column\">\n\t\t\t<div class=\"elementor-widget-wrap elementor-element-populated\">\n\t\t\t\t\t\t<div class=\"elementor-element elementor-element-768e67ad elementor-widget elementor-widget-text-editor\" data-id=\"768e67ad\" data-element_type=\"widget\" data-widget_type=\"text-editor.default\">\n\t\t\t\t<div class=\"elementor-widget-container\">\n\t\t\t\t\t\t\t\t\t<h2>QUI SOMMES-NOUS ?<\/h2>\n<p>Informations :<\/p>\n<h5 class=\"Card__title no-mt underline\">BC PROM<\/h5>\n<p>Si\u00e8ge Social : 19 AV MAL DE LATTRE DE TASSIGNY 94350 VILLIERS-SUR-MARNE<\/p>\n<p>Tel : 01.49.30.78.46<\/p>\n<p>SIRET : 82449267200012<\/p>\n<p>Mail : info@bcprom.fr<\/p>\n<p>Responsable publications : EDOUARD BERNARDO<\/p>\n<p>D\u00e9veloppement : Grenouille studio<\/p>\n<p>H\u00e9bergement : OVH<\/p>\n<p>Cr\u00e9dits photos \/ vid\u00e9os : Grenouille studio\u2013\u00a0<\/p>\n<p>La pr\u00e9sente politique s\u2019applique aux donn\u00e9es de contact collect\u00e9es sur le site web de BC PROM (d\u00e9sign\u00e9s par la suite par le terme \u201cSites Web\u201d) ainsi qu\u2019aux autres interactions (tel que suivi de la relation commerciale) entre utilisateurs et le site. Cette pr\u00e9sente politique vise \u00e0 informer les utilisateurs du traitement qui est fait de leurs donn\u00e9es ainsi que de leurs droits en accord avec le R\u00e8glement G\u00e9n\u00e9ral sur la Protection des Donn\u00e9es (RGPD) europ\u00e9en.<\/p>\n<p>\u00a0Vues et documents non contractuels.<\/p>\n<h2>COLLECTE DES INFORMATIONS<\/h2>\n<p>BC PROM collecte des informations sur ses utilisateurs et ce de la mani\u00e8re suivante :Donn\u00e9es de contact. BC PROM collecte au travers du Site Web. Ces donn\u00e9es sont collect\u00e9es dans le cadre du remplissage de formulaires sur le Site Web ainsi que dans le cadre de l\u2019\u00e9change de mails induit par l\u2019utilisation du Service.<\/p>\n<p>Ces donn\u00e9es incluent les informations suivantes : Nom, Pr\u00e9nom, Email, T\u00e9l\u00e9phone, Soci\u00e9t\u00e9.<\/p>\n<h3>Donn\u00e9es de suivi.<\/h3>\n<p>BC PROM collecte automatiquement des m\u00e9tadonn\u00e9es de suivi sur ses Sites Web. Cette collecte inclus :<\/p>\n<ul>\n<li>L\u2019adresse IP utilis\u00e9e. L\u2019adresse IP permet de g\u00e9olocaliser les utilisateurs. Des informations sur le syst\u00e8me client tel que nom du navigateur, langue et version du syst\u00e8me d\u2019exploitation<\/li>\n<li>Des donn\u00e9es d\u2019interaction tel que les adresses des ressources consult\u00e9es (URLs), les pages de r\u00e9f\u00e9rence, le nombre de clics, le temps pass\u00e9 sur les pages, la date et l\u2019heure de consultation des pages<\/li>\n<li>L\u2019utilisation de cookie : Nous utilisons des cookies de s\u00e9curit\u00e9 pour authentifier les utilisateurs, emp\u00eacher l\u2019utilisation frauduleuse d\u2019informations de connexion et prot\u00e9ger les donn\u00e9es des utilisateurs contre les tiers non autoris\u00e9s.<\/li>\n<\/ul>\n<h3>FINALIT\u00c9 DE TRAITEMENT<\/h3>\n<p>Les donn\u00e9es collect\u00e9es sont trait\u00e9es conform\u00e9ment aux demandes de l\u2019utilisateur, aux obligations contractuelles qui lient BC PROM et ses lecteurs, partenaires, clients, ainsi qu\u2019aux lois applicables.<\/p>\n<p>Ces donn\u00e9es sont utilis\u00e9es pour :<\/p>\n<ul>\n<li>Suivre l\u2019utilisation du service et prot\u00e9ger la s\u00e9curit\u00e9 des services. Cela inclut des mesures d\u2019audience, l\u2019analyse d\u2019erreur du service ou encore de pr\u00e9vention et d\u00e9tection de probl\u00e8mes techniques ou de s\u00e9curit\u00e9.<\/li>\n<li>R\u00e9pondre aux sollicitations de contact. Les informations de contact sont utilis\u00e9es pour r\u00e9pondre aux sollicitations notamment en cas de demande de contact commercial ou de support.<\/li>\n<li>Envoyer des newsletters. Des communications sont envoy\u00e9es par email sur l\u2019actualit\u00e9 de le et les mises \u00e0 jour aux utilisateurs qui en ont fait la demande. Ces communications sont d\u00e9sactivables \u00e0 tout moment. Cette d\u00e9sactivation n\u2019est pas bloquante pour l\u2019ex\u00e9cution du reste du service.<\/li>\n<li>Mener des enqu\u00eates et suivre l\u2019utilisation. BC PROM peut \u00eatre amen\u00e9 \u00e0 contacter ses visiteurs notamment dans le cadre d\u2019un suivi r\u00e9gulier de l\u2019utilisation ou pour solliciter des retours sur le service.<\/li>\n<li>Am\u00e9liorer la qualit\u00e9 du service. Les donn\u00e9es sont analys\u00e9es pour am\u00e9liorer le service. Les emails sont \u00e9galement trait\u00e9s de mani\u00e8re automatique. Les informations agr\u00e9g\u00e9es pour lesquelles il n\u2019est plus possible d\u2019identifier les personnes (exempt de toute information personnelle) telles que des statistiques globales ne peuvent pas \u00eatre utilis\u00e9es \u00e0 des fins commerciales.<\/li>\n<\/ul>\n<h3>DUR\u00c9E DE CONSERVATION<\/h3>\n<p>Si vous laissez un commentaire, le commentaire et ses m\u00e9tadonn\u00e9es sont conserv\u00e9s ind\u00e9finiment. Cela permet de reconna\u00eetre et approuver automatiquement les commentaires suivants au lieu de les laisser dans la file de mod\u00e9ration.Pour les utilisateurs et utilisatrices qui s\u2019enregistrent sur notre site (si cela est possible), nous stockons \u00e9galement les donn\u00e9es personnelles indiqu\u00e9es dans leur profil. Tous les utilisateurs et utilisatrices peuvent voir, modifier ou supprimer leurs informations personnelles \u00e0 tout moment (\u00e0 l\u2019exception de leur nom d\u2019utilisateur\u00b7ice). Les gestionnaires du site peuvent aussi voir et modifier ces informations.<\/p>\n<h3>PARTAGE DES INFORMATIONS<\/h3>\n<p>Les donn\u00e9es ne sont pas partag\u00e9es ni vendu \u00e0 une tierce partie.<\/p>\n<h3>DROITS<\/h3>\n<p>Les utilisateurs ayant fourni des donn\u00e9es au service peuvent s\u2019adresser \u00e0 BC PROM via le mail info@bcprom.fr pour faire valoir leurs droits :<\/p>\n<ul>\n<li>Droit d\u2019acc\u00e8s. L\u2019utilisateur peut demander un extrait des informations personnelles stock\u00e9es et trait\u00e9es.<\/li>\n<li>Droit de rectification. L\u2019utilisateur peut demander \u00e0 modifier une information erron\u00e9e<\/li>\n<li>Droit \u00e0 l\u2019oubli. L\u2019utilisateur peut demander \u00e0 supprimer une ou des informations personnelles<\/li>\n<li>Droits \u00e0 la portabilit\u00e9. L\u2019utilisateur dispose d\u2019un droit \u00e0 la portabilit\u00e9 de ses donn\u00e9es. Cependant, les donn\u00e9es trait\u00e9es \u00e9tant des donn\u00e9es de contact ou des donn\u00e9es r\u00e9pliqu\u00e9es des syst\u00e8mes d\u2019information des lecteurs, la portabilit\u00e9 des donn\u00e9es n\u2019est pas n\u00e9cessaire dans le cadre d\u2019un changement vers un autre fournisseur de services similaire.<\/li>\n<\/ul>\n<p>Dans le cas d\u2019un litige ou d\u2019une interrogation vis-\u00e0-vis d\u2019un traitement de donn\u00e9es personnelles, l\u2019utilisateur peut s\u2019adresser : au responsable de la gestion des donn\u00e9es personnelles joignable \u00e0 l\u2019adresse email suivante: info@bcprom.fr ou \u00e0 l\u2019autorit\u00e9 locale de contr\u00f4le des donn\u00e9es personnelles (CNIL pour la France)<\/p>\n<h3>CONSENTEMENT<\/h3>\n<p>En fournissant des donn\u00e9es personnelles, l\u2019utilisateur consent \u00e0 ce qu\u2019elle soit utilis\u00e9es dans les buts d\u00e9finis ci-avant. Le consentement peut \u00eatre retir\u00e9 \u00e0 tout moment en pr\u00e9cisant la port\u00e9e du changement de consentement aupr\u00e8s de BC PROM \u00a0ou tout autre moyen automatis\u00e9 mis \u00e0 la disposition de l\u2019utilisateur pour exercer ce droit (tel un lien de d\u00e9sinscription).<\/p>\n<h3>TRANSFERT VERS UN PAYS TIERS<\/h3>\n<p>Les donn\u00e9es du service sont h\u00e9berg\u00e9es en France.Ce site utilise des cookies de Google Analytics. Ces cookies nous aident \u00e0 identifier le contenu qui vous int\u00e9resse le plus ainsi qu\u2019\u00e0 rep\u00e9rer certains dysfonctionnements. Vos donn\u00e9es de navigations sur ce site sont envoy\u00e9es \u00e0 Google Inc.<\/p>\n<h3>MODIFICATIONS<\/h3>\n<p>Cette politique peut \u00e9voluer notamment en cas de changement r\u00e9glementaire ou si des changements sont apport\u00e9s aux activit\u00e9s de BC PROM. Dans le cas o\u00f9 les changements de cette politique affectent vos droits, BC PROM prendra contact avec vous par email pour vous informer des changements.<\/p>\t\t\t\t\t\t\t\t<\/div>\n\t\t\t\t<\/div>\n\t\t\t\t\t<\/div>\n\t\t<\/div>\n\t\t\t\t\t<\/div>\n\t\t<\/section>\n\t\t\t\t<\/div>\n\t\t","protected":false},"excerpt":{"rendered":"<p>QUI SOMMES-NOUS ? Informations : BC PROM Si\u00e8ge Social : 19 AV MAL DE LATTRE DE TASSIGNY 94350 VILLIERS-SUR-MARNE Tel : 01.49.30.78.46 SIRET : 82449267200012 Mail : info@bcprom.fr Responsable publications : EDOUARD BERNARDO D\u00e9veloppement : Grenouille studio H\u00e9bergement : OVH Cr\u00e9dits photos \/ vid\u00e9os : Grenouille studio\u2013\u00a0 La pr\u00e9sente politique&#8230;<\/p>\n<p> <a class=\"continue-reading-link\" href=\"https:\/\/www.bcprom.com\/index.php\/politique-de-confidentialite\/\"><span>Continue reading<\/span><i class=\"crycon-right-dir\"><\/i><\/a> <\/p>\n","protected":false},"author":1,"featured_media":0,"parent":0,"menu_order":0,"comment_status":"closed","ping_status":"open","template":"","meta":{"footnotes":""},"class_list":["post-3","page","type-page","status-publish","hentry"],"_links":{"self":[{"href":"https:\/\/www.bcprom.com\/index.php\/wp-json\/wp\/v2\/pages\/3","targetHints":{"allow":["GET"]}}],"collection":[{"href":"https:\/\/www.bcprom.com\/index.php\/wp-json\/wp\/v2\/pages"}],"about":[{"href":"https:\/\/www.bcprom.com\/index.php\/wp-json\/wp\/v2\/types\/page"}],"author":[{"embeddable":true,"href":"https:\/\/www.bcprom.com\/index.php\/wp-json\/wp\/v2\/users\/1"}],"replies":[{"embeddable":true,"href":"https:\/\/www.bcprom.com\/index.php\/wp-json\/wp\/v2\/comments?post=3"}],"version-history":[{"count":3,"href":"https:\/\/www.bcprom.com\/index.php\/wp-json\/wp\/v2\/pages\/3\/revisions"}],"predecessor-version":[{"id":136,"href":"https:\/\/www.bcprom.com\/index.php\/wp-json\/wp\/v2\/pages\/3\/revisions\/136"}],"wp:attachment":[{"href":"https:\/\/www.bcprom.com\/index.php\/wp-json\/wp\/v2\/media?parent=3"}],"curies":[{"name":"wp","href":"https:\/\/api.w.org\/{rel}","templated":true}]}}